{"id":20,"date":"2026-03-20T12:02:06","date_gmt":"2026-03-20T15:02:06","guid":{"rendered":"https:\/\/franciscocarmoadv.com.br\/?page_id=20"},"modified":"2026-04-30T16:08:55","modified_gmt":"2026-04-30T19:08:55","slug":"areas-de-atuacao","status":"publish","type":"page","link":"https:\/\/franciscocarmoadv.com.br\/index.php\/areas-de-atuacao\/","title":{"rendered":"\u00c1reas de Atua\u00e7\u00e3o"},"content":{"rendered":"\t\t<div data-elementor-type=\"wp-page\" data-elementor-id=\"20\" class=\"elementor elementor-20\">\n\t\t\t\t<div class=\"aux-parallax-section elementor-element elementor-element-eb18ecd e-con-full e-flex e-con e-parent\" data-id=\"eb18ecd\" data-element_type=\"container\" data-e-type=\"container\" data-settings=\"{&quot;background_background&quot;:&quot;classic&quot;}\">\n\t\t<div class=\"elementor-element elementor-element-f77401a e-con-full e-flex e-con e-child\" data-id=\"f77401a\" data-element_type=\"container\" data-e-type=\"container\">\n\t\t\t\t<div class=\"elementor-element elementor-element-1b405be aux-appear-watch-animation aux-slide-from-bot elementor-widget elementor-widget-aux_modern_heading\" data-id=\"1b405be\" data-element_type=\"widget\" data-e-type=\"widget\" data-widget_type=\"aux_modern_heading.default\">\n\t\t\t\t\t<section class=\"aux-widget-modern-heading\">\n            <div class=\"aux-widget-inner\"><p class=\"aux-modern-heading-primary\">\u00c1reas de atua\u00e7\u00e3o<\/p><div class=\"aux-modern-heading-divider\"><\/div><\/div>\n        <\/section>\t\t\t\t<\/div>\n\t\t\t\t<\/div>\n\t\t\t\t<\/div>\n\t\t<div class=\"aux-parallax-section elementor-element elementor-element-f44d81a e-con-full e-flex e-con e-parent\" data-id=\"f44d81a\" data-element_type=\"container\" data-e-type=\"container\">\n\t\t<div class=\"elementor-element elementor-element-865f547 e-con-full e-flex e-con e-child\" data-id=\"865f547\" data-element_type=\"container\" data-e-type=\"container\">\n\t\t\t\t<div class=\"elementor-element elementor-element-7b028bd aux-appear-watch-animation aux-fade-in elementor-widget elementor-widget-aux_modern_heading\" data-id=\"7b028bd\" data-element_type=\"widget\" data-e-type=\"widget\" data-widget_type=\"aux_modern_heading.default\">\n\t\t\t\t\t<section class=\"aux-widget-modern-heading\">\n            <div class=\"aux-widget-inner\"><div class=\"aux-modern-heading-divider\"><\/div><h2 class=\"aux-modern-heading-primary\">Nossos servi\u00e7os<\/h2><h3 class=\"aux-modern-heading-secondary\"><span class=\"aux-head-before\">\u00c1reas de atua\u00e7\u00e3o<\/span><\/h3><\/div>\n        <\/section>\t\t\t\t<\/div>\n\t\t\t\t<\/div>\n\t\t<div class=\"elementor-element elementor-element-b8513a8 e-con-full e-flex e-con e-child\" data-id=\"b8513a8\" data-element_type=\"container\" data-e-type=\"container\">\n\t\t\t\t<div class=\"elementor-element elementor-element-339a59f aux-appear-watch-animation aux-fade-in-right-1 elementor-position-top elementor-widget elementor-widget-image-box\" data-id=\"339a59f\" data-element_type=\"widget\" data-e-type=\"widget\" data-widget_type=\"image-box.default\">\n\t\t\t\t\t<div class=\"elementor-image-box-wrapper\"><figure class=\"elementor-image-box-img\"><img decoding=\"async\" width=\"70\" height=\"70\" src=\"https:\/\/franciscocarmoadv.com.br\/wp-content\/uploads\/2026\/03\/direito-civil.webp\" class=\"attachment-full size-full wp-image-129\" alt=\"\" \/><\/figure><div class=\"elementor-image-box-content\"><h3 class=\"elementor-image-box-title\">Direito Civil<\/h3><p class=\"elementor-image-box-description\">Atua\u00e7\u00e3o em conflitos entre particulares, contratos, responsabilidade civil, indeniza\u00e7\u00f5es, obriga\u00e7\u00f5es e direitos patrimoniais.<\/p><\/div><\/div>\t\t\t\t<\/div>\n\t\t\t\t<\/div>\n\t\t<div class=\"elementor-element elementor-element-0103b0e e-con-full e-flex e-con e-child\" data-id=\"0103b0e\" data-element_type=\"container\" data-e-type=\"container\">\n\t\t\t\t<div class=\"elementor-element elementor-element-c850180 aux-appear-watch-animation aux-fade-in-right-1 elementor-position-top elementor-widget elementor-widget-image-box\" data-id=\"c850180\" data-element_type=\"widget\" data-e-type=\"widget\" data-widget_type=\"image-box.default\">\n\t\t\t\t\t<div class=\"elementor-image-box-wrapper\"><figure class=\"elementor-image-box-img\"><img decoding=\"async\" width=\"70\" height=\"70\" src=\"https:\/\/franciscocarmoadv.com.br\/wp-content\/uploads\/2026\/03\/direito-tributario.webp\" class=\"attachment-full size-full wp-image-127\" alt=\"\" \/><\/figure><div class=\"elementor-image-box-content\"><h3 class=\"elementor-image-box-title\">Direito Tribut\u00e1rio<\/h3><p class=\"elementor-image-box-description\">Planejamento e defesa estrat\u00e9gica para redu\u00e7\u00e3o de carga tribut\u00e1ria e recupera\u00e7\u00e3o de valores pagos indevidamente.<\/p><\/div><\/div>\t\t\t\t<\/div>\n\t\t\t\t<\/div>\n\t\t<div class=\"elementor-element elementor-element-ab573e3 e-con-full e-flex e-con e-child\" data-id=\"ab573e3\" data-element_type=\"container\" data-e-type=\"container\">\n\t\t\t\t<div class=\"elementor-element elementor-element-a2a99d7 aux-appear-watch-animation aux-fade-in-right-1 elementor-position-top elementor-widget elementor-widget-image-box\" data-id=\"a2a99d7\" data-element_type=\"widget\" data-e-type=\"widget\" data-widget_type=\"image-box.default\">\n\t\t\t\t\t<div class=\"elementor-image-box-wrapper\"><figure class=\"elementor-image-box-img\"><img decoding=\"async\" width=\"70\" height=\"70\" src=\"https:\/\/franciscocarmoadv.com.br\/wp-content\/uploads\/2026\/03\/direito-agrario.webp\" class=\"attachment-full size-full wp-image-128\" alt=\"\" \/><\/figure><div class=\"elementor-image-box-content\"><h3 class=\"elementor-image-box-title\">Direito Trabalhista<\/h3><p class=\"elementor-image-box-description\">Assessoria completa para empresas e trabalhadores, com foco na preven\u00e7\u00e3o de riscos e resolu\u00e7\u00e3o de conflitos.<\/p><\/div><\/div>\t\t\t\t<\/div>\n\t\t\t\t<\/div>\n\t\t\t\t<\/div>\n\t\t<div class=\"aux-parallax-section elementor-element elementor-element-c274b5a e-con-full e-flex e-con e-parent\" data-id=\"c274b5a\" data-element_type=\"container\" data-e-type=\"container\">\n\t\t<div class=\"elementor-element elementor-element-201516a e-con-full e-flex e-con e-child\" data-id=\"201516a\" data-element_type=\"container\" data-e-type=\"container\">\n\t\t\t\t<div class=\"elementor-element elementor-element-a3c5d67 aux-appear-watch-animation aux-fade-in-right-1 elementor-position-top elementor-widget elementor-widget-image-box\" data-id=\"a3c5d67\" data-element_type=\"widget\" data-e-type=\"widget\" data-widget_type=\"image-box.default\">\n\t\t\t\t\t<div class=\"elementor-image-box-wrapper\"><figure class=\"elementor-image-box-img\"><img loading=\"lazy\" decoding=\"async\" width=\"70\" height=\"70\" src=\"https:\/\/franciscocarmoadv.com.br\/wp-content\/uploads\/2026\/03\/direito-administrativo.webp\" class=\"attachment-full size-full wp-image-124\" alt=\"\" \/><\/figure><div class=\"elementor-image-box-content\"><h3 class=\"elementor-image-box-title\">Direito Administrativo<\/h3><p class=\"elementor-image-box-description\">Atua\u00e7\u00e3o em demandas envolvendo \u00f3rg\u00e3os p\u00fablicos e quest\u00f5es regulat\u00f3rias.<\/p><\/div><\/div>\t\t\t\t<\/div>\n\t\t\t\t<\/div>\n\t\t<div class=\"elementor-element elementor-element-c5c6067 e-con-full e-flex e-con e-child\" data-id=\"c5c6067\" data-element_type=\"container\" data-e-type=\"container\">\n\t\t\t\t<div class=\"elementor-element elementor-element-665bd88 aux-appear-watch-animation aux-fade-in-right-1 elementor-position-top elementor-widget elementor-widget-image-box\" data-id=\"665bd88\" data-element_type=\"widget\" data-e-type=\"widget\" data-widget_type=\"image-box.default\">\n\t\t\t\t\t<div class=\"elementor-image-box-wrapper\"><figure class=\"elementor-image-box-img\"><img loading=\"lazy\" decoding=\"async\" width=\"70\" height=\"70\" src=\"https:\/\/franciscocarmoadv.com.br\/wp-content\/uploads\/2026\/03\/direito-desportivo.webp\" class=\"attachment-full size-full wp-image-123\" alt=\"\" \/><\/figure><div class=\"elementor-image-box-content\"><h3 class=\"elementor-image-box-title\">Direito Religioso<\/h3><p class=\"elementor-image-box-description\">Assessoria completa em estatutos, regulariza\u00e7\u00e3o documental, conflitos internos, imunidade tribut\u00e1ria e defesa dos direitos religiosos perante o Estado.<\/p><\/div><\/div>\t\t\t\t<\/div>\n\t\t\t\t<\/div>\n\t\t<div class=\"elementor-element elementor-element-de9d9a7 e-con-full e-flex e-con e-child\" data-id=\"de9d9a7\" data-element_type=\"container\" data-e-type=\"container\">\n\t\t\t\t<div class=\"elementor-element elementor-element-9f695e2 aux-appear-watch-animation aux-fade-in-right-1 elementor-position-top elementor-widget elementor-widget-image-box\" data-id=\"9f695e2\" data-element_type=\"widget\" data-e-type=\"widget\" data-widget_type=\"image-box.default\">\n\t\t\t\t\t<div class=\"elementor-image-box-wrapper\"><figure class=\"elementor-image-box-img\"><img decoding=\"async\" width=\"70\" height=\"70\" src=\"https:\/\/franciscocarmoadv.com.br\/wp-content\/uploads\/2026\/03\/direito-agrario.webp\" class=\"attachment-full size-full wp-image-128\" alt=\"\" \/><\/figure><div class=\"elementor-image-box-content\"><h3 class=\"elementor-image-box-title\">Direito do Agroneg\u00f3cio<\/h3><p class=\"elementor-image-box-description\">Assessoria jur\u00eddica especializada no agroneg\u00f3cio tanto para o produtor rural, bem como para sua empresa, de forma preventiva e contenciosa.<\/p><\/div><\/div>\t\t\t\t<\/div>\n\t\t\t\t<\/div>\n\t\t<div class=\"elementor-element elementor-element-d2db126 e-con-full e-flex e-con e-child\" data-id=\"d2db126\" data-element_type=\"container\" data-e-type=\"container\">\n\t\t\t\t<div class=\"elementor-element elementor-element-f86b95b aux-appear-watch-animation aux-fade-in-right-1 elementor-position-top elementor-widget elementor-widget-image-box\" data-id=\"f86b95b\" data-element_type=\"widget\" data-e-type=\"widget\" data-widget_type=\"image-box.default\">\n\t\t\t\t\t<div class=\"elementor-image-box-wrapper\"><figure class=\"elementor-image-box-img\"><img loading=\"lazy\" decoding=\"async\" width=\"70\" height=\"70\" src=\"https:\/\/franciscocarmoadv.com.br\/wp-content\/uploads\/2026\/03\/direito-terceiro-setor.webp\" class=\"attachment-full size-full wp-image-125\" alt=\"\" \/><\/figure><div class=\"elementor-image-box-content\"><h3 class=\"elementor-image-box-title\">Terceiro Setor<\/h3><p class=\"elementor-image-box-description\">Assessoria jur\u00eddica para organiza\u00e7\u00f5es sem fins lucrativos e entidades sociais.<\/p><\/div><\/div>\t\t\t\t<\/div>\n\t\t\t\t<\/div>\n\t\t\t\t<\/div>\n\t\t\t\t<\/div>\n\t\t","protected":false},"excerpt":{"rendered":"<p>\u00c1reas de atua\u00e7\u00e3o Nossos servi\u00e7os \u00c1reas de atua\u00e7\u00e3o Direito Civil Atua\u00e7\u00e3o em conflitos entre particulares, contratos, responsabilidade civil, indeniza\u00e7\u00f5es, obriga\u00e7\u00f5es e direitos patrimoniais. Direito Tribut\u00e1rio Planejamento e defesa estrat\u00e9gica para redu\u00e7\u00e3o de carga tribut\u00e1ria e recupera\u00e7\u00e3o de valores pagos indevidamente. Direito Trabalhista Assessoria completa para empresas e trabalhadores, com foco na preven\u00e7\u00e3o de riscos e [&hellip;]<\/p>\n","protected":false},"author":1,"featured_media":0,"parent":0,"menu_order":0,"comment_status":"closed","ping_status":"closed","template":"","meta":{"footnotes":""},"class_list":["post-20","page","type-page","status-publish","hentry"],"_links":{"self":[{"href":"https:\/\/franciscocarmoadv.com.br\/index.php\/wp-json\/wp\/v2\/pages\/20","targetHints":{"allow":["GET"]}}],"collection":[{"href":"https:\/\/franciscocarmoadv.com.br\/index.php\/wp-json\/wp\/v2\/pages"}],"about":[{"href":"https:\/\/franciscocarmoadv.com.br\/index.php\/wp-json\/wp\/v2\/types\/page"}],"author":[{"embeddable":true,"href":"https:\/\/franciscocarmoadv.com.br\/index.php\/wp-json\/wp\/v2\/users\/1"}],"replies":[{"embeddable":true,"href":"https:\/\/franciscocarmoadv.com.br\/index.php\/wp-json\/wp\/v2\/comments?post=20"}],"version-history":[{"count":28,"href":"https:\/\/franciscocarmoadv.com.br\/index.php\/wp-json\/wp\/v2\/pages\/20\/revisions"}],"predecessor-version":[{"id":266,"href":"https:\/\/franciscocarmoadv.com.br\/index.php\/wp-json\/wp\/v2\/pages\/20\/revisions\/266"}],"wp:attachment":[{"href":"https:\/\/franciscocarmoadv.com.br\/index.php\/wp-json\/wp\/v2\/media?parent=20"}],"curies":[{"name":"wp","href":"https:\/\/api.w.org\/{rel}","templated":true}]}}